{"id":949,"date":"2016-01-22T09:41:48","date_gmt":"2016-01-22T08:41:48","guid":{"rendered":"http:\/\/www.piergynt.com\/WP\/?page_id=949"},"modified":"2025-11-25T11:45:50","modified_gmt":"2025-11-25T10:45:50","slug":"documentaire","status":"publish","type":"page","link":"https:\/\/www.piergynt.com\/WP\/documentaire\/","title":{"rendered":"Documentaire"},"content":{"rendered":"<div id=\"pl-949\"  class=\"panel-layout\" ><div id=\"pg-949-0\"  class=\"panel-grid panel-no-style\" ><div id=\"pgc-949-0-0\"  class=\"panel-grid-cell\" ><div id=\"panel-949-0-0-0\" class=\"so-panel widget widget_text panel-first-child\" data-index=\"0\" ><h3 class=\"widget-title\">Fabrication d&#8217;une guitare<\/h3>\t\t\t<div class=\"textwidget\">2i\u00e8me collaboration avec le luthier Aur\u00e9lien Bontemps. Dans son atelier, on d\u00e9couvre toute la patience et la minutie qu'Aur\u00e9lien met dans la cr\u00e9ation de cette guitare \u00e9lectrique : Foxy Black Limba<\/div>\n\t\t<\/div><div id=\"panel-949-0-0-1\" class=\"so-panel widget widget_sow-slider panel-last-child\" data-index=\"1\" ><div class=\"panel-widget-style panel-widget-style-for-949-0-0-1\" ><div\n\t\t\t\n\t\t\tclass=\"so-widget-sow-slider so-widget-sow-slider-default-6d39609536fd-949\"\n\t\t\t\n\t\t>\t\t\t\t<div class=\"sow-slider-base\" style=\"display: none\" tabindex=\"0\">\n\t\t\t\t\t<ul\n\t\t\t\t\tclass=\"sow-slider-images\"\n\t\t\t\t\tdata-settings=\"{&quot;pagination&quot;:true,&quot;speed&quot;:800,&quot;timeout&quot;:8000,&quot;paused&quot;:false,&quot;pause_on_hover&quot;:false,&quot;swipe&quot;:true,&quot;nav_always_show_desktop&quot;:&quot;&quot;,&quot;nav_always_show_mobile&quot;:&quot;&quot;,&quot;breakpoint&quot;:&quot;780px&quot;,&quot;unmute&quot;:false,&quot;anchor&quot;:null}\"\n\t\t\t\t\t\t\t\t\t\tdata-anchor-id=\"\"\n\t\t\t\t>\t\t<li class=\"sow-slider-image\" style=\"visibility: visible;;background-color: #7c7c7c\" >\n\t\t\t<div class=\"sow-slide-video-oembed\" style=\"opacity: 1\"><iframe title=\"Fabrication artisanale d&#039;une guitare \u00e9lectrique\" width=\"760\" height=\"428\" src=\"https:\/\/www.youtube.com\/embed\/seAB1ppsmvQ?feature=oembed&enablejsapi=1\" frameborder=\"0\" allow=\"accelerometer; autoplay; clipboard-write; encrypted-media; gyroscope; picture-in-picture; web-share\" referrerpolicy=\"strict-origin-when-cross-origin\" allowfullscreen allowfullscreen mozallowfullscreen webkitallowfullscreen sandbox=\"allow-scripts allow-same-origin allow-presentation\"><\/iframe><\/div>\t\t<\/li>\n\t\t<\/ul>\t\t\t\t<ol class=\"sow-slider-pagination\">\n\t\t\t\t\t\t\t\t\t\t\t<li><a href=\"#\" data-goto=\"0\" aria-label=\"Display slide 1\"><\/a><\/li>\n\t\t\t\t\t\t\t\t\t<\/ol>\n\n\t\t\t\t<div class=\"sow-slide-nav sow-slide-nav-next\">\n\t\t\t\t\t<a href=\"#\" data-goto=\"next\" aria-label=\"Next slide\" data-action=\"next\">\n\t\t\t\t\t\t<em class=\"sow-sld-icon-thin-right\"><\/em>\n\t\t\t\t\t<\/a>\n\t\t\t\t<\/div>\n\n\t\t\t\t<div class=\"sow-slide-nav sow-slide-nav-prev\">\n\t\t\t\t\t<a href=\"#\" data-goto=\"previous\" aria-label=\"Previous slide\" data-action=\"prev\">\n\t\t\t\t\t\t<em class=\"sow-sld-icon-thin-left\"><\/em>\n\t\t\t\t\t<\/a>\n\t\t\t\t<\/div>\n\t\t\t\t<\/div><\/div><\/div><\/div><\/div><div id=\"pgc-949-0-1\"  class=\"panel-grid-cell\" ><div id=\"panel-949-0-1-0\" class=\"so-panel widget widget_text panel-first-child\" data-index=\"2\" ><h3 class=\"widget-title\">Construction d&#8217;une basse<\/h3>\t\t\t<div class=\"textwidget\">De la conception \u00e0 la r\u00e9alisation, rentrez dans l'atelier du Luthier Bontemps ( Grabels ), et observez le travail, l'ambiance, les choix,... l'atmosph\u00e8re autour de la construction d'un instrument : un basse fretless !<\/div>\n\t\t<\/div><div id=\"panel-949-0-1-1\" class=\"so-panel widget widget_sow-slider panel-last-child\" data-index=\"3\" ><div class=\"panel-widget-style panel-widget-style-for-949-0-1-1\" ><div\n\t\t\t\n\t\t\tclass=\"so-widget-sow-slider so-widget-sow-slider-default-6d39609536fd-949\"\n\t\t\t\n\t\t>\t\t\t\t<div class=\"sow-slider-base\" style=\"display: none\" tabindex=\"0\">\n\t\t\t\t\t<ul\n\t\t\t\t\tclass=\"sow-slider-images\"\n\t\t\t\t\tdata-settings=\"{&quot;pagination&quot;:true,&quot;speed&quot;:800,&quot;timeout&quot;:8000,&quot;paused&quot;:false,&quot;pause_on_hover&quot;:false,&quot;swipe&quot;:true,&quot;nav_always_show_desktop&quot;:&quot;&quot;,&quot;nav_always_show_mobile&quot;:&quot;&quot;,&quot;breakpoint&quot;:&quot;780px&quot;,&quot;unmute&quot;:false,&quot;anchor&quot;:null}\"\n\t\t\t\t\t\t\t\t\t\tdata-anchor-id=\"\"\n\t\t\t\t>\t\t<li class=\"sow-slider-image\" style=\"visibility: visible;;background-color: #7c7c7c\" >\n\t\t\t<div class=\"sow-slide-video-oembed\" style=\"opacity: 1\"><iframe title=\"Construction artisanale d une guitare basse fretless hollow body\" width=\"760\" height=\"428\" src=\"https:\/\/www.youtube.com\/embed\/qd420zWaOmU?feature=oembed&enablejsapi=1\" frameborder=\"0\" allow=\"accelerometer; autoplay; clipboard-write; encrypted-media; gyroscope; picture-in-picture; web-share\" referrerpolicy=\"strict-origin-when-cross-origin\" allowfullscreen allowfullscreen mozallowfullscreen webkitallowfullscreen sandbox=\"allow-scripts allow-same-origin allow-presentation\"><\/iframe><\/div>\t\t<\/li>\n\t\t<\/ul>\t\t\t\t<ol class=\"sow-slider-pagination\">\n\t\t\t\t\t\t\t\t\t\t\t<li><a href=\"#\" data-goto=\"0\" aria-label=\"Display slide 1\"><\/a><\/li>\n\t\t\t\t\t\t\t\t\t<\/ol>\n\n\t\t\t\t<div class=\"sow-slide-nav sow-slide-nav-next\">\n\t\t\t\t\t<a href=\"#\" data-goto=\"next\" aria-label=\"Next slide\" data-action=\"next\">\n\t\t\t\t\t\t<em class=\"sow-sld-icon-thin-right\"><\/em>\n\t\t\t\t\t<\/a>\n\t\t\t\t<\/div>\n\n\t\t\t\t<div class=\"sow-slide-nav sow-slide-nav-prev\">\n\t\t\t\t\t<a href=\"#\" data-goto=\"previous\" aria-label=\"Previous slide\" data-action=\"prev\">\n\t\t\t\t\t\t<em class=\"sow-sld-icon-thin-left\"><\/em>\n\t\t\t\t\t<\/a>\n\t\t\t\t<\/div>\n\t\t\t\t<\/div><\/div><\/div><\/div><\/div><\/div><div id=\"pg-949-1\"  class=\"panel-grid panel-no-style\" ><div id=\"pgc-949-1-0\"  class=\"panel-grid-cell\" ><div id=\"panel-949-1-0-0\" class=\"so-panel widget widget_text panel-first-child\" data-index=\"4\" >\t\t\t<div class=\"textwidget\">Suivez l'\u00e9lection municipale 2010 de Pont-Saint-Esprit.\nUne ambiance sulfureuse !<\/div>\n\t\t<\/div><div id=\"panel-949-1-0-1\" class=\"so-panel widget widget_sow-slider panel-last-child\" data-index=\"5\" ><div class=\"panel-widget-style panel-widget-style-for-949-1-0-1\" ><div\n\t\t\t\n\t\t\tclass=\"so-widget-sow-slider so-widget-sow-slider-default-6d39609536fd-949\"\n\t\t\t\n\t\t>\t\t\t\t<div class=\"sow-slider-base\" style=\"display: none\" tabindex=\"0\">\n\t\t\t\t\t<ul\n\t\t\t\t\tclass=\"sow-slider-images\"\n\t\t\t\t\tdata-settings=\"{&quot;pagination&quot;:true,&quot;speed&quot;:800,&quot;timeout&quot;:8000,&quot;paused&quot;:false,&quot;pause_on_hover&quot;:false,&quot;swipe&quot;:true,&quot;nav_always_show_desktop&quot;:&quot;&quot;,&quot;nav_always_show_mobile&quot;:&quot;&quot;,&quot;breakpoint&quot;:&quot;780px&quot;,&quot;unmute&quot;:false,&quot;anchor&quot;:null}\"\n\t\t\t\t\t\t\t\t\t\tdata-anchor-id=\"\"\n\t\t\t\t>\t\t<li class=\"sow-slider-image\" style=\"visibility: visible;;background-color: #7c7c7c\" >\n\t\t\t<div class=\"sow-slide-video-oembed\" style=\"opacity: 1\"><iframe title=\"40 ans de r\u00e8gne\" src=\"https:\/\/player.vimeo.com\/video\/23970074?dnt=1&amp;app_id=122963&api=true\" width=\"760\" height=\"428\" frameborder=\"0\" allow=\"autoplay; fullscreen; picture-in-picture; clipboard-write; encrypted-media; web-share\" referrerpolicy=\"strict-origin-when-cross-origin\" allowfullscreen mozallowfullscreen webkitallowfullscreen sandbox=\"allow-scripts allow-same-origin allow-presentation\"><\/iframe><\/div>\t\t<\/li>\n\t\t<\/ul>\t\t\t\t<ol class=\"sow-slider-pagination\">\n\t\t\t\t\t\t\t\t\t\t\t<li><a href=\"#\" data-goto=\"0\" aria-label=\"Display slide 1\"><\/a><\/li>\n\t\t\t\t\t\t\t\t\t<\/ol>\n\n\t\t\t\t<div class=\"sow-slide-nav sow-slide-nav-next\">\n\t\t\t\t\t<a href=\"#\" data-goto=\"next\" aria-label=\"Next slide\" data-action=\"next\">\n\t\t\t\t\t\t<em class=\"sow-sld-icon-thin-right\"><\/em>\n\t\t\t\t\t<\/a>\n\t\t\t\t<\/div>\n\n\t\t\t\t<div class=\"sow-slide-nav sow-slide-nav-prev\">\n\t\t\t\t\t<a href=\"#\" data-goto=\"previous\" aria-label=\"Previous slide\" data-action=\"prev\">\n\t\t\t\t\t\t<em class=\"sow-sld-icon-thin-left\"><\/em>\n\t\t\t\t\t<\/a>\n\t\t\t\t<\/div>\n\t\t\t\t<\/div><\/div><\/div><\/div><\/div><div id=\"pgc-949-1-1\"  class=\"panel-grid-cell\" ><div id=\"panel-949-1-1-0\" class=\"so-panel widget widget_text panel-first-child\" data-index=\"6\" >\t\t\t<div class=\"textwidget\">La victoire de l'ASM ( Rugby Clermont-Ferrand ) en 2010.\nPour la 1\u00e8re fois de son histoire l'ASM remporte le bouclier de Brennus, venez voir l'ambiance \"chaleureuse\" place de jaude !!<\/div>\n\t\t<\/div><div id=\"panel-949-1-1-1\" class=\"so-panel widget widget_sow-slider panel-last-child\" data-index=\"7\" ><div class=\"panel-widget-style panel-widget-style-for-949-1-1-1\" ><div\n\t\t\t\n\t\t\tclass=\"so-widget-sow-slider so-widget-sow-slider-default-6d39609536fd-949\"\n\t\t\t\n\t\t>\t\t\t\t<div class=\"sow-slider-base\" style=\"display: none\" tabindex=\"0\">\n\t\t\t\t\t<ul\n\t\t\t\t\tclass=\"sow-slider-images\"\n\t\t\t\t\tdata-settings=\"{&quot;pagination&quot;:true,&quot;speed&quot;:800,&quot;timeout&quot;:8000,&quot;paused&quot;:false,&quot;pause_on_hover&quot;:false,&quot;swipe&quot;:true,&quot;nav_always_show_desktop&quot;:&quot;&quot;,&quot;nav_always_show_mobile&quot;:&quot;&quot;,&quot;breakpoint&quot;:&quot;780px&quot;,&quot;unmute&quot;:false,&quot;anchor&quot;:null}\"\n\t\t\t\t\t\t\t\t\t\tdata-anchor-id=\"\"\n\t\t\t\t>\t\t<li class=\"sow-slider-image\" style=\"visibility: visible;;background-color: #7c7c7c\" >\n\t\t\t<div class=\"sow-slide-video-oembed\" style=\"opacity: 1\"><iframe title=\"ASM 48h \u00e0 Clermont-Ferrand_550D\" src=\"https:\/\/player.vimeo.com\/video\/12242147?dnt=1&amp;app_id=122963&api=true\" width=\"640\" height=\"480\" frameborder=\"0\" allow=\"autoplay; fullscreen; picture-in-picture; clipboard-write; encrypted-media; web-share\" referrerpolicy=\"strict-origin-when-cross-origin\" allowfullscreen mozallowfullscreen webkitallowfullscreen sandbox=\"allow-scripts allow-same-origin allow-presentation\"><\/iframe><\/div>\t\t<\/li>\n\t\t<\/ul>\t\t\t\t<ol class=\"sow-slider-pagination\">\n\t\t\t\t\t\t\t\t\t\t\t<li><a href=\"#\" data-goto=\"0\" aria-label=\"Display slide 1\"><\/a><\/li>\n\t\t\t\t\t\t\t\t\t<\/ol>\n\n\t\t\t\t<div class=\"sow-slide-nav sow-slide-nav-next\">\n\t\t\t\t\t<a href=\"#\" data-goto=\"next\" aria-label=\"Next slide\" data-action=\"next\">\n\t\t\t\t\t\t<em class=\"sow-sld-icon-thin-right\"><\/em>\n\t\t\t\t\t<\/a>\n\t\t\t\t<\/div>\n\n\t\t\t\t<div class=\"sow-slide-nav sow-slide-nav-prev\">\n\t\t\t\t\t<a href=\"#\" data-goto=\"previous\" aria-label=\"Previous slide\" data-action=\"prev\">\n\t\t\t\t\t\t<em class=\"sow-sld-icon-thin-left\"><\/em>\n\t\t\t\t\t<\/a>\n\t\t\t\t<\/div>\n\t\t\t\t<\/div><\/div><\/div><\/div><\/div><\/div><\/div>","protected":false},"excerpt":{"rendered":"<p>2i\u00e8me collaboration avec le luthier Aur\u00e9lien Bontemps. Dans son atelier, on d\u00e9couvre toute la patience et la minutie qu&#8217;Aur\u00e9lien met dans la cr\u00e9ation de cette guitare \u00e9lectrique : Foxy Black Limba De la conception \u00e0 la r\u00e9alisation, rentrez dans l&#8217;atelier du Luthier Bontemps ( Grabels ), et observez le travail, l&#8217;ambiance, les choix,&#8230; l&#8217;atmosph\u00e8re autour &hellip; <\/p>\n<p class=\"link-more\"><a href=\"https:\/\/www.piergynt.com\/WP\/documentaire\/\" class=\"more-link\">Continue reading<span class=\"screen-reader-text\"> &#8220;Documentaire&#8221;<\/span><\/a><\/p>\n","protected":false},"author":1,"featured_media":0,"parent":0,"menu_order":0,"comment_status":"closed","ping_status":"closed","template":"","meta":{"footnotes":""},"class_list":["post-949","page","type-page","status-publish","hentry"],"_links":{"self":[{"href":"https:\/\/www.piergynt.com\/WP\/wp-json\/wp\/v2\/pages\/949","targetHints":{"allow":["GET"]}}],"collection":[{"href":"https:\/\/www.piergynt.com\/WP\/wp-json\/wp\/v2\/pages"}],"about":[{"href":"https:\/\/www.piergynt.com\/WP\/wp-json\/wp\/v2\/types\/page"}],"author":[{"embeddable":true,"href":"https:\/\/www.piergynt.com\/WP\/wp-json\/wp\/v2\/users\/1"}],"replies":[{"embeddable":true,"href":"https:\/\/www.piergynt.com\/WP\/wp-json\/wp\/v2\/comments?post=949"}],"version-history":[{"count":36,"href":"https:\/\/www.piergynt.com\/WP\/wp-json\/wp\/v2\/pages\/949\/revisions"}],"predecessor-version":[{"id":4196,"href":"https:\/\/www.piergynt.com\/WP\/wp-json\/wp\/v2\/pages\/949\/revisions\/4196"}],"wp:attachment":[{"href":"https:\/\/www.piergynt.com\/WP\/wp-json\/wp\/v2\/media?parent=949"}],"curies":[{"name":"wp","href":"https:\/\/api.w.org\/{rel}","templated":true}]}}