{"id":914,"date":"2016-01-15T18:53:40","date_gmt":"2016-01-15T17:53:40","guid":{"rendered":"http:\/\/www.piergynt.com\/WP\/?page_id=914"},"modified":"2022-07-02T15:23:47","modified_gmt":"2022-07-02T14:23:47","slug":"references","status":"publish","type":"page","link":"https:\/\/www.piergynt.com\/WP\/references\/","title":{"rendered":"R\u00e9f\u00e9rences"},"content":{"rendered":"<div id=\"pl-914\"  class=\"panel-layout\" ><div id=\"pg-914-0\"  class=\"panel-grid panel-no-style\" ><div id=\"pgc-914-0-0\"  class=\"panel-grid-cell\" ><div id=\"panel-914-0-0-0\" class=\"so-panel widget widget_media_video panel-first-child\" data-index=\"0\" ><div style=\"width:100%;\" class=\"wp-video\"><!--[if lt IE 9]><script>document.createElement('video');<\/script><![endif]-->\n<video class=\"wp-video-shortcode\" id=\"video-914-1\" preload=\"metadata\" controls=\"controls\"><source type=\"video\/youtube\" src=\"https:\/\/youtu.be\/x-jOSLZMbow?_=1\" \/><a href=\"https:\/\/youtu.be\/x-jOSLZMbow\">https:\/\/youtu.be\/x-jOSLZMbow<\/a><\/video><\/div><\/div><div id=\"panel-914-0-0-1\" class=\"so-panel widget widget_sow-editor panel-last-child\" data-index=\"1\" ><div\n\t\t\t\n\t\t\tclass=\"so-widget-sow-editor so-widget-sow-editor-base\"\n\t\t\t\n\t\t><h3 class=\"widget-title\">Listes d'album CD produit :<\/h3>\n<div class=\"siteorigin-widget-tinymce textwidget\">\n\t<\/div>\n<\/div><\/div><\/div><\/div><div id=\"pg-914-1\"  class=\"panel-grid panel-no-style\" ><div id=\"pgc-914-1-0\"  class=\"panel-grid-cell\" ><div id=\"panel-914-1-0-0\" class=\"so-panel widget widget_sow-editor panel-first-child panel-last-child\" data-index=\"2\" ><div\n\t\t\t\n\t\t\tclass=\"so-widget-sow-editor so-widget-sow-editor-base\"\n\t\t\t\n\t\t><h3 class=\"widget-title\">Calvi \u00e0 Paris<\/h3>\n<div class=\"siteorigin-widget-tinymce textwidget\">\n\t<p>Responsable des enregistrements et mixage.<br \/>\nYraon Herman, Olivier Temime, Emmanuel Bex,...<\/p>\n<p><a href=\"http:\/\/www.piergynt.com\/WP\/wp-content\/uploads\/2016\/01\/pochetteCALVI-SAX.jpg\" rel=\"attachment wp-att-1032\"><img fetchpriority=\"high\" fetchpriority=\"high\" decoding=\"async\" class=\"alignnone size-medium wp-image-1032\" src=\"http:\/\/www.piergynt.com\/WP\/wp-content\/uploads\/2016\/01\/pochetteCALVI-SAX-295x300.jpg\" alt=\"pochettecalvi-sax\" width=\"295\" height=\"300\" srcset=\"https:\/\/www.piergynt.com\/WP\/wp-content\/uploads\/2016\/01\/pochetteCALVI-SAX-295x300.jpg 295w, https:\/\/www.piergynt.com\/WP\/wp-content\/uploads\/2016\/01\/pochetteCALVI-SAX-768x781.jpg 768w, https:\/\/www.piergynt.com\/WP\/wp-content\/uploads\/2016\/01\/pochetteCALVI-SAX.jpg 930w\" sizes=\"(max-width: 295px) 100vw, 295px\" \/><\/a><\/p>\n<\/div>\n<\/div><\/div><\/div><div id=\"pgc-914-1-1\"  class=\"panel-grid-cell\" ><div id=\"panel-914-1-1-0\" class=\"so-panel widget widget_sow-editor panel-first-child panel-last-child\" data-index=\"3\" ><div\n\t\t\t\n\t\t\tclass=\"so-widget-sow-editor so-widget-sow-editor-base\"\n\t\t\t\n\t\t><h3 class=\"widget-title\">ROMAN<\/h3>\n<div class=\"siteorigin-widget-tinymce textwidget\">\n\t<p>Pianiste : Bastien Crocq<br \/>Enregistrement &amp; mixage : Pierre Pauty<br \/>Mastering : <a href=\"http:\/\/tomatosoundfactory.free.fr\/\">tomatosoundfactory <\/a><br \/><a href=\"http:\/\/www.piergynt.com\/WP\/roman\/\" rel=\"attachment wp-att-727\"><img decoding=\"async\" class=\"alignnone size-full wp-image-727\" src=\"http:\/\/www.piergynt.com\/WP\/wp-content\/uploads\/2013\/09\/Roman-recto.jpg\" alt=\"Roman-recto\" width=\"288\" height=\"286\" srcset=\"https:\/\/www.piergynt.com\/WP\/wp-content\/uploads\/2013\/09\/Roman-recto.jpg 288w, https:\/\/www.piergynt.com\/WP\/wp-content\/uploads\/2013\/09\/Roman-recto-150x150.jpg 150w\" sizes=\"(max-width: 288px) 100vw, 288px\" \/><\/a><\/p>\n<\/div>\n<\/div><\/div><\/div><\/div><div id=\"pg-914-2\"  class=\"panel-grid panel-no-style\" ><div id=\"pgc-914-2-0\"  class=\"panel-grid-cell\" ><div id=\"panel-914-2-0-0\" class=\"so-panel widget widget_sow-editor panel-first-child panel-last-child\" data-index=\"4\" ><div\n\t\t\t\n\t\t\tclass=\"so-widget-sow-editor so-widget-sow-editor-base\"\n\t\t\t\n\t\t><h3 class=\"widget-title\">Viaje iniciatico<\/h3>\n<div class=\"siteorigin-widget-tinymce textwidget\">\n\t<p>Guitare : Daniel Arango<br \/>Enregistrement &amp; mixage : Pierre Pauty<br \/><a href=\"http:\/\/www.piergynt.com\/WP\/la-pochette-de-lalbum\/\" rel=\"attachment wp-att-733\"><img decoding=\"async\" class=\"alignnone size-full wp-image-733\" src=\"http:\/\/www.piergynt.com\/WP\/wp-content\/uploads\/2013\/06\/Arango_recto.jpg\" alt=\"Arango_recto\" width=\"284\" height=\"284\" srcset=\"https:\/\/www.piergynt.com\/WP\/wp-content\/uploads\/2013\/06\/Arango_recto.jpg 284w, https:\/\/www.piergynt.com\/WP\/wp-content\/uploads\/2013\/06\/Arango_recto-150x150.jpg 150w\" sizes=\"(max-width: 284px) 100vw, 284px\" \/><\/a><\/p>\n<\/div>\n<\/div><\/div><\/div><div id=\"pgc-914-2-1\"  class=\"panel-grid-cell\" ><div id=\"panel-914-2-1-0\" class=\"so-panel widget widget_sow-editor panel-first-child panel-last-child\" data-index=\"5\" ><div\n\t\t\t\n\t\t\tclass=\"so-widget-sow-editor so-widget-sow-editor-base\"\n\t\t\t\n\t\t><h3 class=\"widget-title\">Ciel, air et vent<\/h3>\n<div class=\"siteorigin-widget-tinymce textwidget\">\n\t<p>Trio classique<br \/>Enregistrement &amp; mixage : Pierre Pauty<br \/><a href=\"http:\/\/www.piergynt.com\/WP\/524\/\" rel=\"attachment wp-att-724\"><img loading=\"lazy\" loading=\"lazy\" decoding=\"async\" class=\"alignnone size-medium wp-image-724\" src=\"http:\/\/www.piergynt.com\/WP\/wp-content\/uploads\/2013\/09\/Haya-Trio-300x300.jpg\" alt=\"Haya-Trio\" width=\"300\" height=\"300\" srcset=\"https:\/\/www.piergynt.com\/WP\/wp-content\/uploads\/2013\/09\/Haya-Trio-300x300.jpg 300w, https:\/\/www.piergynt.com\/WP\/wp-content\/uploads\/2013\/09\/Haya-Trio-150x150.jpg 150w, https:\/\/www.piergynt.com\/WP\/wp-content\/uploads\/2013\/09\/Haya-Trio.jpg 480w\" sizes=\"auto, (max-width: 300px) 100vw, 300px\" \/><\/a><\/p>\n<\/div>\n<\/div><\/div><\/div><\/div><div id=\"pg-914-3\"  class=\"panel-grid panel-no-style\" ><div id=\"pgc-914-3-0\"  class=\"panel-grid-cell\" ><div id=\"panel-914-3-0-0\" class=\"so-panel widget widget_sow-editor panel-first-child panel-last-child\" data-index=\"6\" ><div\n\t\t\t\n\t\t\tclass=\"so-widget-sow-editor so-widget-sow-editor-base\"\n\t\t\t\n\t\t><h3 class=\"widget-title\">Les collaborations<\/h3>\n<div class=\"siteorigin-widget-tinymce textwidget\">\n\t<p>Au del\u00e0 de ces albums enregistr\u00e9s et mix\u00e9s, les collaborations sont plus riches encore puisque certains projets n'ont pas comme finalit\u00e9 un Album, mais parfois une vid\u00e9o, un arrangement, simplement un mixage, mais bien souvent la captation Live ( son et images ) repr\u00e9sente le gros des projets r\u00e9alis\u00e9s.<\/p>\n<\/div>\n<\/div><\/div><\/div><\/div><\/div>","protected":false},"excerpt":{"rendered":"<p>Responsable des enregistrements et mixage. Yraon Herman, Olivier Temime, Emmanuel Bex,&#8230; Pianiste : Bastien CrocqEnregistrement &amp; mixage : Pierre PautyMastering : tomatosoundfactory<\/p>\n","protected":false},"author":1,"featured_media":0,"parent":0,"menu_order":0,"comment_status":"closed","ping_status":"closed","template":"","meta":{"footnotes":""},"class_list":["post-914","page","type-page","status-publish","hentry"],"_links":{"self":[{"href":"https:\/\/www.piergynt.com\/WP\/wp-json\/wp\/v2\/pages\/914","targetHints":{"allow":["GET"]}}],"collection":[{"href":"https:\/\/www.piergynt.com\/WP\/wp-json\/wp\/v2\/pages"}],"about":[{"href":"https:\/\/www.piergynt.com\/WP\/wp-json\/wp\/v2\/types\/page"}],"author":[{"embeddable":true,"href":"https:\/\/www.piergynt.com\/WP\/wp-json\/wp\/v2\/users\/1"}],"replies":[{"embeddable":true,"href":"https:\/\/www.piergynt.com\/WP\/wp-json\/wp\/v2\/comments?post=914"}],"version-history":[{"count":17,"href":"https:\/\/www.piergynt.com\/WP\/wp-json\/wp\/v2\/pages\/914\/revisions"}],"predecessor-version":[{"id":2352,"href":"https:\/\/www.piergynt.com\/WP\/wp-json\/wp\/v2\/pages\/914\/revisions\/2352"}],"wp:attachment":[{"href":"https:\/\/www.piergynt.com\/WP\/wp-json\/wp\/v2\/media?parent=914"}],"curies":[{"name":"wp","href":"https:\/\/api.w.org\/{rel}","templated":true}]}}