{"id":1988,"date":"2021-03-15T09:59:44","date_gmt":"2021-03-15T08:59:44","guid":{"rendered":"http:\/\/www.piergynt.com\/WP\/?page_id=1988"},"modified":"2021-03-15T10:54:25","modified_gmt":"2021-03-15T09:54:25","slug":"recalbox-achat","status":"publish","type":"page","link":"https:\/\/www.piergynt.com\/WP\/recalbox-achat\/","title":{"rendered":"Recalbox-achat"},"content":{"rendered":"\t\t<div data-elementor-type=\"wp-page\" data-elementor-id=\"1988\" class=\"elementor elementor-1988\">\n\t\t\t\t\t\t<section class=\"elementor-section elementor-top-section elementor-element elementor-element-3a33a57 elementor-section-boxed elementor-section-height-default elementor-section-height-default\" data-id=\"3a33a57\" data-element_type=\"section\" data-e-type=\"section\">\n\t\t\t\t\t\t<div class=\"elementor-container elementor-column-gap-default\">\n\t\t\t\t\t<div class=\"elementor-column elementor-col-100 elementor-top-column elementor-element elementor-element-aad5574\" data-id=\"aad5574\" data-element_type=\"column\" data-e-type=\"column\">\n\t\t\t<div class=\"elementor-widget-wrap elementor-element-populated\">\n\t\t\t\t\t\t<div class=\"elementor-element elementor-element-a17d186 elementor-widget elementor-widget-heading\" data-id=\"a17d186\" data-element_type=\"widget\" data-e-type=\"widget\" data-widget_type=\"heading.default\">\n\t\t\t\t<div class=\"elementor-widget-container\">\n\t\t\t\t\t<h2 class=\"elementor-heading-title elementor-size-default\">Fabriquer \/ Assembler sa Console (et boxTV-radio-meteo)<\/h2>\t\t\t\t<\/div>\n\t\t\t\t<\/div>\n\t\t\t\t\t<\/div>\n\t\t<\/div>\n\t\t\t\t\t<\/div>\n\t\t<\/section>\n\t\t\t\t<section class=\"elementor-section elementor-top-section elementor-element elementor-element-4cf58c8 elementor-section-boxed elementor-section-height-default elementor-section-height-default\" data-id=\"4cf58c8\" data-element_type=\"section\" data-e-type=\"section\">\n\t\t\t\t\t\t<div class=\"elementor-container elementor-column-gap-default\">\n\t\t\t\t\t<div class=\"elementor-column elementor-col-100 elementor-top-column elementor-element elementor-element-4ac1f94\" data-id=\"4ac1f94\" data-element_type=\"column\" data-e-type=\"column\">\n\t\t\t<div class=\"elementor-widget-wrap elementor-element-populated\">\n\t\t\t\t\t\t<section class=\"elementor-section elementor-inner-section elementor-element elementor-element-7742a6e elementor-section-boxed elementor-section-height-default elementor-section-height-default\" data-id=\"7742a6e\" data-element_type=\"section\" data-e-type=\"section\">\n\t\t\t\t\t\t<div class=\"elementor-container elementor-column-gap-default\">\n\t\t\t\t\t<div class=\"elementor-column elementor-col-50 elementor-inner-column elementor-element elementor-element-455442f\" data-id=\"455442f\" data-element_type=\"column\" data-e-type=\"column\">\n\t\t\t<div class=\"elementor-widget-wrap elementor-element-populated\">\n\t\t\t\t\t\t<div class=\"elementor-element elementor-element-668ada8 elementor-widget elementor-widget-text-editor\" data-id=\"668ada8\" data-element_type=\"widget\" data-e-type=\"widget\" data-widget_type=\"text-editor.default\">\n\t\t\t\t<div class=\"elementor-widget-container\">\n\t\t\t\t\t\t\t\t\t<p>Guide de fabrication et d&#8217;utilisation de la console retro.<\/p><p>Les consoles \u00e9mul\u00e9es ( 860\u00a0<span style=\"font-size: 16px;\">jeux ) :<\/span><\/p><p>PlayStation1 \/ PSP \/ NES \/ SuperNES \/ N64 \/ GameBoy \/ Mega Drive\u00a0 \/ Dreamcast \/ Neo Geo \/ Amstrad CPC \/\u00a0<span style=\"font-size: 16px;\">\u00a0<\/span><span style=\"font-size: 16px;\">PC Engine \/\u00a0<\/span><span style=\"font-size: 16px;\">&#8230;<\/span><\/p>\t\t\t\t\t\t\t\t<\/div>\n\t\t\t\t<\/div>\n\t\t\t\t\t<\/div>\n\t\t<\/div>\n\t\t\t\t<div class=\"elementor-column elementor-col-50 elementor-inner-column elementor-element elementor-element-614924a\" data-id=\"614924a\" data-element_type=\"column\" data-e-type=\"column\">\n\t\t\t<div class=\"elementor-widget-wrap elementor-element-populated\">\n\t\t\t\t\t\t<div class=\"elementor-element elementor-element-8e61671 elementor-widget elementor-widget-image\" data-id=\"8e61671\" data-element_type=\"widget\" data-e-type=\"widget\" data-widget_type=\"image.default\">\n\t\t\t\t<div class=\"elementor-widget-container\">\n\t\t\t\t\t\t\t\t\t\t\t\t\t\t\t<img fetchpriority=\"high\" decoding=\"async\" width=\"300\" height=\"169\" src=\"https:\/\/www.piergynt.com\/WP\/wp-content\/uploads\/2019\/08\/recalbox_SNES-1-300x169.jpg\" class=\"attachment-medium size-medium wp-image-1595\" alt=\"\" srcset=\"https:\/\/www.piergynt.com\/WP\/wp-content\/uploads\/2019\/08\/recalbox_SNES-1-300x169.jpg 300w, https:\/\/www.piergynt.com\/WP\/wp-content\/uploads\/2019\/08\/recalbox_SNES-1-768x432.jpg 768w, https:\/\/www.piergynt.com\/WP\/wp-content\/uploads\/2019\/08\/recalbox_SNES-1-1024x576.jpg 1024w, https:\/\/www.piergynt.com\/WP\/wp-content\/uploads\/2019\/08\/recalbox_SNES-1.jpg 1200w\" sizes=\"(max-width: 300px) 100vw, 300px\" \/>\t\t\t\t\t\t\t\t\t\t\t\t\t\t\t<\/div>\n\t\t\t\t<\/div>\n\t\t\t\t\t<\/div>\n\t\t<\/div>\n\t\t\t\t\t<\/div>\n\t\t<\/section>\n\t\t\t\t\t<\/div>\n\t\t<\/div>\n\t\t\t\t\t<\/div>\n\t\t<\/section>\n\t\t\t\t<section class=\"elementor-section elementor-top-section elementor-element elementor-element-81e782e elementor-section-boxed elementor-section-height-default elementor-section-height-default\" data-id=\"81e782e\" data-element_type=\"section\" data-e-type=\"section\">\n\t\t\t\t\t\t<div class=\"elementor-container elementor-column-gap-default\">\n\t\t\t\t\t<div class=\"elementor-column elementor-col-100 elementor-top-column elementor-element elementor-element-9a87f9b\" data-id=\"9a87f9b\" data-element_type=\"column\" data-e-type=\"column\">\n\t\t\t<div class=\"elementor-widget-wrap elementor-element-populated\">\n\t\t\t\t\t\t<section class=\"elementor-section elementor-inner-section elementor-element elementor-element-da4ed98 elementor-section-boxed elementor-section-height-default elementor-section-height-default\" data-id=\"da4ed98\" data-element_type=\"section\" data-e-type=\"section\">\n\t\t\t\t\t\t<div class=\"elementor-container elementor-column-gap-default\">\n\t\t\t\t\t<div class=\"elementor-column elementor-col-50 elementor-inner-column elementor-element elementor-element-5361be2\" data-id=\"5361be2\" data-element_type=\"column\" data-e-type=\"column\">\n\t\t\t<div class=\"elementor-widget-wrap elementor-element-populated\">\n\t\t\t\t\t\t<div class=\"elementor-element elementor-element-5d34302 elementor-widget elementor-widget-image\" data-id=\"5d34302\" data-element_type=\"widget\" data-e-type=\"widget\" data-widget_type=\"image.default\">\n\t\t\t\t<div class=\"elementor-widget-container\">\n\t\t\t\t\t\t\t\t\t\t\t\t\t\t\t<img decoding=\"async\" width=\"760\" height=\"760\" src=\"https:\/\/www.piergynt.com\/WP\/wp-content\/uploads\/2019\/08\/raspberry_bundle3.jpg\" class=\"attachment-large size-large wp-image-1597\" alt=\"\" srcset=\"https:\/\/www.piergynt.com\/WP\/wp-content\/uploads\/2019\/08\/raspberry_bundle3.jpg 800w, https:\/\/www.piergynt.com\/WP\/wp-content\/uploads\/2019\/08\/raspberry_bundle3-150x150.jpg 150w, https:\/\/www.piergynt.com\/WP\/wp-content\/uploads\/2019\/08\/raspberry_bundle3-300x300.jpg 300w, https:\/\/www.piergynt.com\/WP\/wp-content\/uploads\/2019\/08\/raspberry_bundle3-768x768.jpg 768w\" sizes=\"(max-width: 760px) 100vw, 760px\" \/>\t\t\t\t\t\t\t\t\t\t\t\t\t\t\t<\/div>\n\t\t\t\t<\/div>\n\t\t\t\t\t<\/div>\n\t\t<\/div>\n\t\t\t\t<div class=\"elementor-column elementor-col-50 elementor-inner-column elementor-element elementor-element-b55a0c7\" data-id=\"b55a0c7\" data-element_type=\"column\" data-e-type=\"column\">\n\t\t\t<div class=\"elementor-widget-wrap elementor-element-populated\">\n\t\t\t\t\t\t<div class=\"elementor-element elementor-element-ff010a3 elementor-widget elementor-widget-text-editor\" data-id=\"ff010a3\" data-element_type=\"widget\" data-e-type=\"widget\" data-widget_type=\"text-editor.default\">\n\t\t\t\t<div class=\"elementor-widget-container\">\n\t\t\t\t\t\t\t\t\t<p><span style=\"font-weight: bold;\"><u><br><\/u><\/span><\/p><p><span style=\"font-weight: bold;\"><u>Fabriquer une recalbox :<\/u><\/span><\/p>\n<p>Rien de plus simple, commander sur Amazon ( ou Aliexpress ) les \u00e9l\u00e9ments n\u00e9cessaires ( s\u00e9par\u00e9s ou bien en pack ) :<\/p><p><br><\/p><p><br><\/p><p><span style=\"font-size: 16px;\">&#8211; 60\u20ac : il existe des offres avec tout compris ( g\u00e9n\u00e9ralement 2 manettes ), faite bien attention \u00e0 prendre un Raspberry Pi 3 B+&nbsp; et pas autre chose ! )<\/span><\/p><p><span style=\"font-size: 16px;\">Ou bien, composer soi-m\u00eame (prix indicatifs) :<\/span><\/p><p><span style=\"font-size: 16px;\">&#8211; 50\u20ac &#8211; Raspberry model : Pi 3 B<\/span><span style=\"font-size: 16px;\">+<br><\/span><span style=\"font-size: 16px;\">&#8211; 12\u20ac &#8211; Alimentation<br><\/span><span style=\"font-size: 16px;\">&#8211;&nbsp; 4\u20ac &#8211; la manette : 1 \u00e0 4 manettes<br><\/span><span style=\"font-size: 16px;\">&#8211;&nbsp; 7\u20ac &#8211; MicroSD SanDisk 32Go ( de class 10 : c&#8217;est le chiffre entour\u00e9 )<br><\/span><span style=\"font-size: 16px;\">&#8211; 6 \u00e0 18 \u20ac &#8211; boitier ( 0\u20ac si fabriqu\u00e9 en lego, 7\u20ac pour les plus simples, 17\u20ac boitier imitant une console&#8230; )<\/span><\/p><p>Le ventilateur est g\u00e9n\u00e9ralement livr\u00e9 avec le boitier, je n&#8217;en ai pas install\u00e9 : pas vue de probl\u00e8me !<br>il peut \u00eatre judicieux d&#8217;ajouter des rallonges USB&#8230;<\/p><p>Envoyez-moi la microSD dans une enveloppe (avec une enveloppe pr\u00e9-timbr\u00e9e et votre adresse pour le retour de la microSD), je la copie gratos, \u00e7a me prend 15s ( puis l&#8217;ordi calcul durant 30min )<\/p>\t\t\t\t\t\t\t\t<\/div>\n\t\t\t\t<\/div>\n\t\t\t\t\t<\/div>\n\t\t<\/div>\n\t\t\t\t\t<\/div>\n\t\t<\/section>\n\t\t\t\t\t<\/div>\n\t\t<\/div>\n\t\t\t\t\t<\/div>\n\t\t<\/section>\n\t\t\t\t<\/div>\n\t\t","protected":false},"excerpt":{"rendered":"<p>Fabriquer \/ Assembler sa Console (et boxTV-radio-meteo) Guide de fabrication et d&#8217;utilisation de la console retro. Les consoles \u00e9mul\u00e9es ( 860\u00a0jeux ) : PlayStation1 \/ PSP \/ NES \/ SuperNES \/ N64 \/ GameBoy \/ Mega Drive\u00a0 \/ Dreamcast \/ Neo Geo \/ Amstrad CPC \/\u00a0\u00a0PC Engine \/\u00a0&#8230; Fabriquer une recalbox : Rien de plus &hellip; <\/p>\n<p class=\"link-more\"><a href=\"https:\/\/www.piergynt.com\/WP\/recalbox-achat\/\" class=\"more-link\">Continue reading<span class=\"screen-reader-text\"> &#8220;Recalbox-achat&#8221;<\/span><\/a><\/p>\n","protected":false},"author":1,"featured_media":0,"parent":0,"menu_order":0,"comment_status":"closed","ping_status":"closed","template":"","meta":{"footnotes":""},"class_list":["post-1988","page","type-page","status-publish","hentry"],"_links":{"self":[{"href":"https:\/\/www.piergynt.com\/WP\/wp-json\/wp\/v2\/pages\/1988","targetHints":{"allow":["GET"]}}],"collection":[{"href":"https:\/\/www.piergynt.com\/WP\/wp-json\/wp\/v2\/pages"}],"about":[{"href":"https:\/\/www.piergynt.com\/WP\/wp-json\/wp\/v2\/types\/page"}],"author":[{"embeddable":true,"href":"https:\/\/www.piergynt.com\/WP\/wp-json\/wp\/v2\/users\/1"}],"replies":[{"embeddable":true,"href":"https:\/\/www.piergynt.com\/WP\/wp-json\/wp\/v2\/comments?post=1988"}],"version-history":[{"count":4,"href":"https:\/\/www.piergynt.com\/WP\/wp-json\/wp\/v2\/pages\/1988\/revisions"}],"predecessor-version":[{"id":1997,"href":"https:\/\/www.piergynt.com\/WP\/wp-json\/wp\/v2\/pages\/1988\/revisions\/1997"}],"wp:attachment":[{"href":"https:\/\/www.piergynt.com\/WP\/wp-json\/wp\/v2\/media?parent=1988"}],"curies":[{"name":"wp","href":"https:\/\/api.w.org\/{rel}","templated":true}]}}