{"id":1966,"date":"2021-02-09T16:22:17","date_gmt":"2021-02-09T15:22:17","guid":{"rendered":"http:\/\/www.piergynt.com\/WP\/?page_id=1966"},"modified":"2021-03-15T13:30:13","modified_gmt":"2021-03-15T12:30:13","slug":"boxtv","status":"publish","type":"page","link":"https:\/\/www.piergynt.com\/WP\/boxtv\/","title":{"rendered":"BoxTV"},"content":{"rendered":"\t\t<div data-elementor-type=\"wp-page\" data-elementor-id=\"1966\" class=\"elementor elementor-1966\">\n\t\t\t\t\t\t<section class=\"elementor-section elementor-top-section elementor-element elementor-element-aa6d240 elementor-section-boxed elementor-section-height-default elementor-section-height-default\" data-id=\"aa6d240\" data-element_type=\"section\" data-e-type=\"section\">\n\t\t\t\t\t\t<div class=\"elementor-container elementor-column-gap-default\">\n\t\t\t\t\t<div class=\"elementor-column elementor-col-100 elementor-top-column elementor-element elementor-element-9e90ad3\" data-id=\"9e90ad3\" data-element_type=\"column\" data-e-type=\"column\">\n\t\t\t<div class=\"elementor-widget-wrap elementor-element-populated\">\n\t\t\t\t\t\t<div class=\"elementor-element elementor-element-8b96677 elementor-widget elementor-widget-text-editor\" data-id=\"8b96677\" data-element_type=\"widget\" data-e-type=\"widget\" data-widget_type=\"text-editor.default\">\n\t\t\t\t<div class=\"elementor-widget-container\">\n\t\t\t\t\t\t\t\t\t<p>Allum<u>er\/\u00e9teindre :<\/u><br>Brancher la Box, Recalbox va automatiquement se lancer.<br>Pour l&#8217;\u00e9teindre aller dans le menu :&nbsp; Alimentation \/ \u00e9teindre<br><br><\/p>\n<p><\/p>\n<p><u>Activation du wifi :<\/u><br>( ou&nbsp; plus simple : brancher un c\u00e2ble ethernet RJ45 ).<br>Avant le lancement de KODI, dans RecalBox se rendre dans OPTION RESEAU, commencer par ACTIVER LE WIFI (ON), puis choisir le reseau SSID puis saisir la CLE WIFI (choisir les lettres avec le bouton X \/ Jaune, puis valider en appuyant sur START).<br>V\u00e9rifier que le STATUT est \u00e0 l\u00e9tat CONNECTE et qu&#8217;une adresse IP apparait (192.168.0.**).<br><span style=\"color: var( --e-global-color-text ); font-family: var( --e-global-typography-text-font-family ), Sans-serif; font-weight: var( --e-global-typography-text-font-weight ); letter-spacing: 0em;\">Appuyer ensuite sur START pour lancer KODI Media center.<\/span><\/p>\n<p><\/p>\n<p>Note: il est possible (dans le parametrage de RecalBox) que la box se lance directement sur KODI et pas en mode console, si vous pr\u00e9f\u00e9rez (Cf vid\u00e9o du tuto sur le parametrage Recalbox dans la partie console).<\/p>\n<p><\/p>\n<p>une manette de console fonctionne tr\u00e8s bien pour commander cette boxTV.<br>Il faut faire preuve d&#8217;un peu de patience lorsque l&#8217;on charge m\u00eame les menus (surtout les premi\u00e8res fois).<\/p>\n<p><\/p>\n<p>Modifier la r\u00e9solution :<br>PARAMETRE \/ PARAMETRE DU SYSTEM \/ AFFICHAGE \/ RESOLUTION<br><br><\/p>\n<p><u>Premier lancement :<br><\/u>Laisser quelques secondes que la box s&#8217;actualise ( voir quelques minutes si pas allum\u00e9e\/connect\u00e9e depuis un moment !).<br><span style=\"color: var( --e-global-color-text ); font-family: var( --e-global-typography-text-font-family ), Sans-serif; font-weight: var( --e-global-typography-text-font-weight ); letter-spacing: 0em;\">En premier lieu, lancer le menu Favoris.<\/span><\/p>\n<p>il est d\u00e9j\u00e0 compos\u00e9s de radio, chaine TV Live, VOD l\u00e9gales et moins l\u00e9gales !!<br>L&#8217;id\u00e9e de cette box TV est de se composer son propre menu Favoris :&nbsp;<span style=\"color: var( --e-global-color-text ); font-family: var( --e-global-typography-text-font-family ), Sans-serif; font-weight: var( --e-global-typography-text-font-weight ); letter-spacing: 0em;\">ajouter des radios, des chaines de TV, des emissions en replay, des chemins dans une arborescence de films\/s\u00e9ries&#8230;<\/span><\/p>\n<p>Pour retirer un favori : bouton B puis retirer.<br>Depuis le menu vid\u00e9o ou musique, vous pouvez \u00e0 tout moment ajouter l&#8217;emplacement au favoris.<br>Par exemple sur l&#8217;application ARTE, on peut ajouter l&#8217;appli en elle m\u00eame, ou un sous menu de l&#8217;application (une \u00e9mission en particulier,..).<\/p>\n<p>On peut \u00e9galement depuis le menu VIDEO, regarder des films en branchant un Disque dur ou une cl\u00e9 USB.<br>(il est m\u00eame possible de &#8216;scrapper&#8217; les films, KODI va alors rechercher automatiquement les affiches de films et infos pour une navigation&nbsp;<span style=\"color: var( --e-global-color-text ); font-family: var( --e-global-typography-text-font-family ), Sans-serif; font-weight: var( --e-global-typography-text-font-weight ); letter-spacing: 0em;\">plus intuitive. Cela ne vaut le coup, que pour un gros disque dur avec pleins de films&#8230; enfin, question de gouts !).<\/span><\/p>\n<p><br>Sous-Titres :<\/p>\n<p><\/p>\n<p><br>METEO :&nbsp;<br><span style=\"color: var( --e-global-color-text ); font-family: var( --e-global-typography-text-font-family ), Sans-serif; font-weight: var( --e-global-typography-text-font-weight ); letter-spacing: 0em;\">Modifier la ville en allant dans PARAMETRES, puis METEO ( sur la droite).<\/span><\/p>\n<p><\/p>\n<p><span style=\"color: var( --e-global-color-text ); font-family: var( --e-global-typography-text-font-family ), Sans-serif; font-weight: var( --e-global-typography-text-font-weight ); letter-spacing: 0em;\"><br>ECRAN DE VEILLE<br><\/span><span style=\"color: var( --e-global-color-text ); font-family: var( --e-global-typography-text-font-family ), Sans-serif; font-weight: var( --e-global-typography-text-font-weight ); letter-spacing: 0em;\">Sont d\u00e9j\u00e0 install\u00e9s 4 \u00e9crans de veille \u00e0choisir en allant dans PARAMETRES \/ PARAMETRE D&#8217;INTERFACE \/ ECONOMISEUR D&#8217;ECRAN<br>&#8211; AERIAL (survol en drone)<br>&#8211; GOOGLE EARTH (des photos satellites)<br><\/span><span style=\"color: var( --e-global-color-text ); font-family: var( --e-global-typography-text-font-family ), Sans-serif; font-weight: var( --e-global-typography-text-font-weight ); letter-spacing: 0em;\">&#8211; DIGITAL CLOCK (Affiche l&#8217;heure)<br><\/span><span style=\"color: var( --e-global-color-text ); font-family: var( --e-global-typography-text-font-family ), Sans-serif; font-weight: var( --e-global-typography-text-font-weight ); letter-spacing: 0em;\">&#8211; QLOCK (L&#8217;heure en lettres !)<\/span><\/p>\n<p><br><\/p>\n<p><span style=\"color: var( --e-global-color-text ); font-family: var( --e-global-typography-text-font-family ), Sans-serif; font-weight: var( --e-global-typography-text-font-weight ); letter-spacing: 0em;\">&nbsp;D\u00e9bloquer Youtube<br><\/span><span style=\"color: var( --e-global-color-text ); font-family: var( --e-global-typography-text-font-family ), Sans-serif; font-weight: var( --e-global-typography-text-font-weight ); letter-spacing: 0em;\">Comment&nbsp;<\/span><a href=\"https:\/\/www.youtube.com\/watch?v=kKMFH5SwyNw\" target=\"_blank\" rel=\"noopener\">ajouter une cl\u00e9 API pour profiter de youtube<\/a><span style=\"color: var( --e-global-color-text ); font-family: var( --e-global-typography-text-font-family ), Sans-serif; font-weight: var( --e-global-typography-text-font-weight ); letter-spacing: 0em;\">&nbsp;(l&#8217;appli est d\u00e9j\u00e0 install\u00e9e, il faut simplement ajouter l&#8217;API).<\/span><\/p>\n<p><\/p>\n<p><span style=\"color: var( --e-global-color-text ); font-family: var( --e-global-typography-text-font-family ), Sans-serif; font-weight: var( --e-global-typography-text-font-weight ); letter-spacing: 0em;\">Ajouter des extensions : demandez-moi !!<\/span><\/p>\n<p><span style=\"color: var( --e-global-color-text ); font-family: var( --e-global-typography-text-font-family ), Sans-serif; font-weight: var( --e-global-typography-text-font-weight ); letter-spacing: 0em;\">Ajouter des sources :<br>Si vous en \u00eates l\u00e0, vous ne devriez plus tellement avoir besoin de mon aide.<br>Il est possible d&#8217;ajouter des sources donnant acc\u00e8s \u00e0 des chaines de sports sp\u00e9cialis\u00e9es,&#8230;<br>ajouter l&#8217;application Spotify, Netflix, Bein Sport, Disney+,&#8230; Mais un compte est n\u00e9cessaire (je peux vous indiquer comment ajouter ces applis si vous le souhaitez, mais sans compte, cela sera inutile).<\/span><\/p>\n<p><\/p>\n<p><span style=\"color: var( --e-global-color-text ); font-family: var( --e-global-typography-text-font-family ), Sans-serif; font-weight: var( --e-global-typography-text-font-weight ); letter-spacing: 0em;\">&nbsp;<\/span><\/p>\n<p><\/p>\t\t\t\t\t\t\t\t<\/div>\n\t\t\t\t<\/div>\n\t\t\t\t\t<\/div>\n\t\t<\/div>\n\t\t\t\t\t<\/div>\n\t\t<\/section>\n\t\t\t\t<\/div>\n\t\t","protected":false},"excerpt":{"rendered":"<p>Allumer\/\u00e9teindre :Brancher la Box, Recalbox va automatiquement se lancer.Pour l&#8217;\u00e9teindre aller dans le menu :&nbsp; Alimentation \/ \u00e9teindre Activation du wifi :( ou&nbsp; plus simple : brancher un c\u00e2ble ethernet RJ45 ).Avant le lancement de KODI, dans RecalBox se rendre dans OPTION RESEAU, commencer par ACTIVER LE WIFI (ON), puis choisir le reseau SSID puis &hellip; <\/p>\n<p class=\"link-more\"><a href=\"https:\/\/www.piergynt.com\/WP\/boxtv\/\" class=\"more-link\">Continue reading<span class=\"screen-reader-text\"> &#8220;BoxTV&#8221;<\/span><\/a><\/p>\n","protected":false},"author":1,"featured_media":0,"parent":0,"menu_order":0,"comment_status":"closed","ping_status":"closed","template":"","meta":{"footnotes":""},"class_list":["post-1966","page","type-page","status-publish","hentry"],"_links":{"self":[{"href":"https:\/\/www.piergynt.com\/WP\/wp-json\/wp\/v2\/pages\/1966","targetHints":{"allow":["GET"]}}],"collection":[{"href":"https:\/\/www.piergynt.com\/WP\/wp-json\/wp\/v2\/pages"}],"about":[{"href":"https:\/\/www.piergynt.com\/WP\/wp-json\/wp\/v2\/types\/page"}],"author":[{"embeddable":true,"href":"https:\/\/www.piergynt.com\/WP\/wp-json\/wp\/v2\/users\/1"}],"replies":[{"embeddable":true,"href":"https:\/\/www.piergynt.com\/WP\/wp-json\/wp\/v2\/comments?post=1966"}],"version-history":[{"count":30,"href":"https:\/\/www.piergynt.com\/WP\/wp-json\/wp\/v2\/pages\/1966\/revisions"}],"predecessor-version":[{"id":2026,"href":"https:\/\/www.piergynt.com\/WP\/wp-json\/wp\/v2\/pages\/1966\/revisions\/2026"}],"wp:attachment":[{"href":"https:\/\/www.piergynt.com\/WP\/wp-json\/wp\/v2\/media?parent=1966"}],"curies":[{"name":"wp","href":"https:\/\/api.w.org\/{rel}","templated":true}]}}